{"id":174,"date":"2021-08-27T09:47:28","date_gmt":"2021-08-27T09:47:28","guid":{"rendered":"http:\/\/fnaclabo.com\/?page_id=174"},"modified":"2021-11-20T09:58:42","modified_gmt":"2021-11-20T09:58:42","slug":"smartphones","status":"publish","type":"page","link":"https:\/\/fnaclabo.com\/?page_id=174","title":{"rendered":"Smartphones"},"content":{"rendered":"\n<p class=\"has-white-color has-text-color\">Les c\u00e9l\u00e8bres dossiers techniques du LaboFnac reviennent en format num\u00e9rique. Retrouvez ici au format PDF un guide d\u00e9di\u00e9 \u00e0 chaque cat\u00e9gorie de produits que nous testons (smartphones, TV, audio, appareils photo, ordinateurs, etc.). Ces dossiers seront r\u00e9guli\u00e8rement mis \u00e0 jour et pourront \u00eatre t\u00e9l\u00e9charg\u00e9s en cliquant sur les images ci-dessous.<\/p>\n\n\n\n<div class=\"wp-block-image\"><figure class=\"aligncenter size-full\"><a href=\"https:\/\/fnaclabo.com\/Dossierspdf\/Dossiers_techniques_Labofnac_Smartphones.pdf\" target=\"_blank\" rel=\"noopener\"><img loading=\"lazy\" decoding=\"async\" width=\"696\" height=\"510\" src=\"https:\/\/fnaclabo.com\/wp-content\/uploads\/2021\/09\/Dossiers_techniques_LaboFnac_Page_couv_Smarpthones.png.webp\" alt=\"\" class=\"wp-image-343\" srcset=\"https:\/\/fnaclabo.com\/wp-content\/uploads\/2021\/09\/Dossiers_techniques_LaboFnac_Page_couv_Smarpthones.png.webp 696w, https:\/\/fnaclabo.com\/wp-content\/uploads\/2021\/09\/Dossiers_techniques_LaboFnac_Page_couv_Smarpthones.png-300x220.webp 300w\" sizes=\"auto, (max-width: 696px) 100vw, 696px\" \/><\/a><\/figure><\/div>\n","protected":false},"excerpt":{"rendered":"<p>Les c\u00e9l\u00e8bres dossiers techniques du LaboFnac reviennent en format num\u00e9rique. Retrouvez ici au format PDF un guide d\u00e9di\u00e9 \u00e0 chaque cat\u00e9gorie de produits que nous testons (smartphones, TV, audio, appareils photo, ordinateurs, etc.). Ces dossiers seront r\u00e9guli\u00e8rement mis \u00e0 jour et pourront \u00eatre t\u00e9l\u00e9charg\u00e9s en cliquant sur les images ci-dessous.<\/p>\n","protected":false},"author":1,"featured_media":0,"parent":0,"menu_order":0,"comment_status":"closed","ping_status":"closed","template":"","meta":{"_uag_custom_page_level_css":"","footnotes":""},"class_list":["post-174","page","type-page","status-publish","hentry"],"uagb_featured_image_src":{"full":false,"thumbnail":false,"medium":false,"medium_large":false,"large":false,"post-slider-thumb-size":false,"1536x1536":false,"2048x2048":false},"uagb_author_info":{"display_name":"LionelCosta","author_link":"https:\/\/fnaclabo.com\/?author=1"},"uagb_comment_info":0,"uagb_excerpt":"Les c\u00e9l\u00e8bres dossiers techniques du LaboFnac reviennent en format num\u00e9rique. Retrouvez ici au format PDF un guide d\u00e9di\u00e9 \u00e0 chaque cat\u00e9gorie de produits que nous testons (smartphones, TV, audio, appareils photo, ordinateurs, etc.). Ces dossiers seront r\u00e9guli\u00e8rement mis \u00e0 jour et pourront \u00eatre t\u00e9l\u00e9charg\u00e9s en cliquant sur les images ci-dessous.","_links":{"self":[{"href":"https:\/\/fnaclabo.com\/index.php?rest_route=\/wp\/v2\/pages\/174","targetHints":{"allow":["GET"]}}],"collection":[{"href":"https:\/\/fnaclabo.com\/index.php?rest_route=\/wp\/v2\/pages"}],"about":[{"href":"https:\/\/fnaclabo.com\/index.php?rest_route=\/wp\/v2\/types\/page"}],"author":[{"embeddable":true,"href":"https:\/\/fnaclabo.com\/index.php?rest_route=\/wp\/v2\/users\/1"}],"replies":[{"embeddable":true,"href":"https:\/\/fnaclabo.com\/index.php?rest_route=%2Fwp%2Fv2%2Fcomments&post=174"}],"version-history":[{"count":4,"href":"https:\/\/fnaclabo.com\/index.php?rest_route=\/wp\/v2\/pages\/174\/revisions"}],"predecessor-version":[{"id":404,"href":"https:\/\/fnaclabo.com\/index.php?rest_route=\/wp\/v2\/pages\/174\/revisions\/404"}],"wp:attachment":[{"href":"https:\/\/fnaclabo.com\/index.php?rest_route=%2Fwp%2Fv2%2Fmedia&parent=174"}],"curies":[{"name":"wp","href":"https:\/\/api.w.org\/{rel}","templated":true}]}}