{"id":186,"date":"2021-08-27T09:49:34","date_gmt":"2021-08-27T09:49:34","guid":{"rendered":"http:\/\/fnaclabo.com\/?page_id=186"},"modified":"2022-02-07T16:57:33","modified_gmt":"2022-02-07T16:57:33","slug":"barres-de-son","status":"publish","type":"page","link":"https:\/\/fnaclabo.com\/?page_id=186","title":{"rendered":"Barres de son"},"content":{"rendered":"\n<h1 class=\"has-text-align-center has-white-color has-text-color wp-block-heading\" id=\"les-celebres-dossiers-techniques-du-labofnac-reviennent-en-format-numerique-retrouvez-ici-au-format-pdf-un-guide-dedie-a-chaque-categorie-de-produits-que-nous-testons-smartphones-tv-audio-appareils-photo-ordinateurs-etc-ces-dossiers-seront-regulierement-mis-a-jour-et-pourront-etre-telecharges-en-cliquant-sur-les-images-ci-dessous\">Les c\u00e9l\u00e8bres dossiers techniques du LaboFnac reviennent en format num\u00e9rique. Retrouvez ici au format PDF un guide d\u00e9di\u00e9 \u00e0 chaque cat\u00e9gorie de produits que nous testons (smartphones, TV, audio, appareils photo, ordinateurs, etc.). Ces dossiers seront r\u00e9guli\u00e8rement mis \u00e0 jour et pourront \u00eatre t\u00e9l\u00e9charg\u00e9s en cliquant sur les images ci-dessous.<\/h1>\n\n\n<a href=\"https:\/\/fnaclabo.com\/wp-content\/uploads\/2022\/02\/Dossiers_techniques_Labofnac_Barre_de_sons.pdf\" class=\"pdfemb-viewer\" style=\"\" data-width=\"max\" data-height=\"max\"  data-toolbar=\"top\" data-toolbar-fixed=\"off\">Dossiers_techniques_Labofnac_Barre_de_sons<br\/><\/a>\n<p class=\"wp-block-pdfemb-pdf-embedder-viewer\"><\/p>\n\n\n\n<div data-wp-interactive=\"core\/file\" class=\"wp-block-file\"><object data-wp-bind--hidden=\"!state.hasPdfPreview\" hidden class=\"wp-block-file__embed\" data=\"https:\/\/fnaclabo.com\/wp-content\/uploads\/2022\/02\/Dossiers_techniques_Labofnac_Barre_de_sons.pdf\" type=\"application\/pdf\" style=\"width:100%;height:600px\" aria-label=\"Contenu embarqu\u00e9 Contenu embarqu\u00e9 Dossiers_techniques_Labofnac_Barre_de_sons..\"><\/object><a id=\"wp-block-file--media-40e9977f-371e-4dcc-ae0a-0f1f8c61dbed\" href=\"https:\/\/fnaclabo.com\/wp-content\/uploads\/2022\/02\/Dossiers_techniques_Labofnac_Barre_de_sons.pdf\">Dossiers_techniques_Labofnac_Barre_de_sons<\/a><a href=\"https:\/\/fnaclabo.com\/wp-content\/uploads\/2022\/02\/Dossiers_techniques_Labofnac_Barre_de_sons.pdf\" class=\"wp-block-file__button\" download aria-describedby=\"wp-block-file--media-40e9977f-371e-4dcc-ae0a-0f1f8c61dbed\">T\u00e9l\u00e9charger<\/a><\/div>\n","protected":false},"excerpt":{"rendered":"<p>Les c\u00e9l\u00e8bres dossiers techniques du LaboFnac reviennent en format num\u00e9rique. Retrouvez ici au format PDF un guide d\u00e9di\u00e9 \u00e0 chaque cat\u00e9gorie de produits que nous testons (smartphones, TV, audio, appareils photo, ordinateurs, etc.). Ces dossiers seront r\u00e9guli\u00e8rement mis \u00e0 jour et pourront \u00eatre t\u00e9l\u00e9charg\u00e9s en cliquant sur les images ci-dessous.<\/p>\n","protected":false},"author":1,"featured_media":0,"parent":0,"menu_order":0,"comment_status":"closed","ping_status":"closed","template":"","meta":{"_uag_custom_page_level_css":"","footnotes":""},"class_list":["post-186","page","type-page","status-publish","hentry"],"uagb_featured_image_src":{"full":false,"thumbnail":false,"medium":false,"medium_large":false,"large":false,"post-slider-thumb-size":false,"1536x1536":false,"2048x2048":false},"uagb_author_info":{"display_name":"LionelCosta","author_link":"https:\/\/fnaclabo.com\/?author=1"},"uagb_comment_info":0,"uagb_excerpt":"Les c\u00e9l\u00e8bres dossiers techniques du LaboFnac reviennent en format num\u00e9rique. Retrouvez ici au format PDF un guide d\u00e9di\u00e9 \u00e0 chaque cat\u00e9gorie de produits que nous testons (smartphones, TV, audio, appareils photo, ordinateurs, etc.). Ces dossiers seront r\u00e9guli\u00e8rement mis \u00e0 jour et pourront \u00eatre t\u00e9l\u00e9charg\u00e9s en cliquant sur les images ci-dessous.","_links":{"self":[{"href":"https:\/\/fnaclabo.com\/index.php?rest_route=\/wp\/v2\/pages\/186","targetHints":{"allow":["GET"]}}],"collection":[{"href":"https:\/\/fnaclabo.com\/index.php?rest_route=\/wp\/v2\/pages"}],"about":[{"href":"https:\/\/fnaclabo.com\/index.php?rest_route=\/wp\/v2\/types\/page"}],"author":[{"embeddable":true,"href":"https:\/\/fnaclabo.com\/index.php?rest_route=\/wp\/v2\/users\/1"}],"replies":[{"embeddable":true,"href":"https:\/\/fnaclabo.com\/index.php?rest_route=%2Fwp%2Fv2%2Fcomments&post=186"}],"version-history":[{"count":22,"href":"https:\/\/fnaclabo.com\/index.php?rest_route=\/wp\/v2\/pages\/186\/revisions"}],"predecessor-version":[{"id":420,"href":"https:\/\/fnaclabo.com\/index.php?rest_route=\/wp\/v2\/pages\/186\/revisions\/420"}],"wp:attachment":[{"href":"https:\/\/fnaclabo.com\/index.php?rest_route=%2Fwp%2Fv2%2Fmedia&parent=186"}],"curies":[{"name":"wp","href":"https:\/\/api.w.org\/{rel}","templated":true}]}}