{"id":322,"date":"2021-09-05T12:00:17","date_gmt":"2021-09-05T12:00:17","guid":{"rendered":"https:\/\/fnaclabo.com\/?page_id=322"},"modified":"2021-09-13T15:27:56","modified_gmt":"2021-09-13T15:27:56","slug":"qui-sommes-nous-2","status":"publish","type":"page","link":"https:\/\/fnaclabo.com\/","title":{"rendered":"Qui sommes-nous ?"},"content":{"rendered":"\n<p class=\"has-white-color has-text-color\"><strong>Qu\u2019est-ce que le Labofnac&nbsp;?<\/strong><\/p>\n\n\n\n<p class=\"has-white-color has-text-color\">Le&nbsp;<strong>Labofnac<\/strong>&nbsp;est un laboratoire d&rsquo;essai et de tests de produits&nbsp;\u00e9lectroniques&nbsp;cr\u00e9\u00e9 par les fondateurs de la Fnac&nbsp;en 1972. Cette entit\u00e9 est unique au monde dans son histoire et son expertise.<\/p>\n\n\n\n<p class=\"has-white-color has-text-color\">Les tests &amp; mesures qui y sont r\u00e9alis\u00e9s apportent une information objective et ind\u00e9pendante sur la performance r\u00e9elle des produits. Les c\u00e9l\u00e8bres \u00e9toiles du Labofnac sont l\u2019agr\u00e9gation de plusieurs notes visant \u00e0 \u00e9valuer les produits sur chacun des crit\u00e8res majeurs pour chaque cat\u00e9gorie.<\/p>\n\n\n\n<p class=\"has-white-color has-text-color\">Aucune note n\u2019est attribu\u00e9e de mani\u00e8re arbitraire, elles sont toutes issues de mesures, calculs et bar\u00e8mes qui ne prennent aucunement en compte, ni le prix, ni la marque d\u2019un produit.<\/p>\n\n\n\n<p class=\"has-white-color has-text-color\">La vid\u00e9o ci-dessous retrace l&rsquo;histoire, les m\u00e9thodes et le fonctionnement de notre service<\/p>\n\n\n\n<div style=\"height:28px\" aria-hidden=\"true\" class=\"wp-block-spacer\"><\/div>\n\n\n\n<figure class=\"wp-block-video aligncenter\"><video height=\"720\" style=\"aspect-ratio: 1280 \/ 720;\" width=\"1280\" controls src=\"https:\/\/fnaclabo.com\/wp-content\/uploads\/2021\/09\/Labofnac_Video_Histoire.mp4\"><\/video><\/figure>\n\n\n\n<div class=\"wp-block-image\"><figure class=\"aligncenter size-full\"><img loading=\"lazy\" decoding=\"async\" width=\"928\" height=\"571\" src=\"https:\/\/fnaclabo.com\/wp-content\/uploads\/2021\/09\/Chambre-anechoique.png\" alt=\"\" class=\"wp-image-374\" srcset=\"https:\/\/fnaclabo.com\/wp-content\/uploads\/2021\/09\/Chambre-anechoique.png 928w, https:\/\/fnaclabo.com\/wp-content\/uploads\/2021\/09\/Chambre-anechoique-300x185.png 300w, https:\/\/fnaclabo.com\/wp-content\/uploads\/2021\/09\/Chambre-anechoique-768x473.png 768w\" sizes=\"auto, (max-width: 928px) 100vw, 928px\" \/><\/figure><\/div>\n","protected":false},"excerpt":{"rendered":"<p>Qu\u2019est-ce que le Labofnac&nbsp;? Le&nbsp;Labofnac&nbsp;est un laboratoire d&rsquo;essai et de tests de produits&nbsp;\u00e9lectroniques&nbsp;cr\u00e9\u00e9 par les fondateurs de la Fnac&nbsp;en 1972. Cette entit\u00e9 est unique au monde dans son histoire et son expertise. Les tests &amp; mesures qui y sont r\u00e9alis\u00e9s apportent une information objective et ind\u00e9pendante sur la performance r\u00e9elle des produits. Les c\u00e9l\u00e8bres \u00e9toiles [&hellip;]<\/p>\n","protected":false},"author":1,"featured_media":0,"parent":0,"menu_order":0,"comment_status":"closed","ping_status":"closed","template":"","meta":{"_uag_custom_page_level_css":"","footnotes":""},"class_list":["post-322","page","type-page","status-publish","hentry"],"uagb_featured_image_src":{"full":false,"thumbnail":false,"medium":false,"medium_large":false,"large":false,"post-slider-thumb-size":false,"1536x1536":false,"2048x2048":false},"uagb_author_info":{"display_name":"LionelCosta","author_link":"https:\/\/fnaclabo.com\/?author=1"},"uagb_comment_info":0,"uagb_excerpt":"Qu\u2019est-ce que le Labofnac&nbsp;? Le&nbsp;Labofnac&nbsp;est un laboratoire d&rsquo;essai et de tests de produits&nbsp;\u00e9lectroniques&nbsp;cr\u00e9\u00e9 par les fondateurs de la Fnac&nbsp;en 1972. Cette entit\u00e9 est unique au monde dans son histoire et son expertise. Les tests &amp; mesures qui y sont r\u00e9alis\u00e9s apportent une information objective et ind\u00e9pendante sur la performance r\u00e9elle des produits. Les c\u00e9l\u00e8bres \u00e9toiles\u2026","_links":{"self":[{"href":"https:\/\/fnaclabo.com\/index.php?rest_route=\/wp\/v2\/pages\/322","targetHints":{"allow":["GET"]}}],"collection":[{"href":"https:\/\/fnaclabo.com\/index.php?rest_route=\/wp\/v2\/pages"}],"about":[{"href":"https:\/\/fnaclabo.com\/index.php?rest_route=\/wp\/v2\/types\/page"}],"author":[{"embeddable":true,"href":"https:\/\/fnaclabo.com\/index.php?rest_route=\/wp\/v2\/users\/1"}],"replies":[{"embeddable":true,"href":"https:\/\/fnaclabo.com\/index.php?rest_route=%2Fwp%2Fv2%2Fcomments&post=322"}],"version-history":[{"count":6,"href":"https:\/\/fnaclabo.com\/index.php?rest_route=\/wp\/v2\/pages\/322\/revisions"}],"predecessor-version":[{"id":376,"href":"https:\/\/fnaclabo.com\/index.php?rest_route=\/wp\/v2\/pages\/322\/revisions\/376"}],"wp:attachment":[{"href":"https:\/\/fnaclabo.com\/index.php?rest_route=%2Fwp%2Fv2%2Fmedia&parent=322"}],"curies":[{"name":"wp","href":"https:\/\/api.w.org\/{rel}","templated":true}]}}