{"id":422,"date":"2024-04-14T19:01:35","date_gmt":"2024-04-14T19:01:35","guid":{"rendered":"https:\/\/fnaclabo.com\/?page_id=422"},"modified":"2024-04-18T16:45:32","modified_gmt":"2024-04-18T16:45:32","slug":"medias","status":"publish","type":"page","link":"https:\/\/fnaclabo.com\/?page_id=422","title":{"rendered":"MEDIAS"},"content":{"rendered":"\n<figure class=\"wp-block-image size-full\"><img loading=\"lazy\" decoding=\"async\" width=\"1113\" height=\"655\" src=\"https:\/\/fnaclabo.com\/wp-content\/uploads\/2024\/04\/Chambre_anechoids.jpg\" alt=\"Chambre anechoique\" class=\"wp-image-424\" srcset=\"https:\/\/fnaclabo.com\/wp-content\/uploads\/2024\/04\/Chambre_anechoids.jpg 1113w, https:\/\/fnaclabo.com\/wp-content\/uploads\/2024\/04\/Chambre_anechoids-300x177.jpg 300w, https:\/\/fnaclabo.com\/wp-content\/uploads\/2024\/04\/Chambre_anechoids-1024x603.jpg 1024w, https:\/\/fnaclabo.com\/wp-content\/uploads\/2024\/04\/Chambre_anechoids-768x452.jpg 768w\" sizes=\"auto, (max-width: 1113px) 100vw, 1113px\" \/><\/figure>\n\n\n\n<figure class=\"wp-block-image size-full\"><img loading=\"lazy\" decoding=\"async\" width=\"1150\" height=\"873\" src=\"https:\/\/fnaclabo.com\/wp-content\/uploads\/2024\/04\/Developpeur_4D.png\" alt=\"\" class=\"wp-image-425\" srcset=\"https:\/\/fnaclabo.com\/wp-content\/uploads\/2024\/04\/Developpeur_4D.png 1150w, https:\/\/fnaclabo.com\/wp-content\/uploads\/2024\/04\/Developpeur_4D-300x228.png 300w, https:\/\/fnaclabo.com\/wp-content\/uploads\/2024\/04\/Developpeur_4D-1024x777.png 1024w, https:\/\/fnaclabo.com\/wp-content\/uploads\/2024\/04\/Developpeur_4D-768x583.png 768w\" sizes=\"auto, (max-width: 1150px) 100vw, 1150px\" \/><\/figure>\n\n\n\n<figure class=\"wp-block-image size-full is-resized\"><img loading=\"lazy\" decoding=\"async\" width=\"1000\" height=\"635\" src=\"https:\/\/fnaclabo.com\/wp-content\/uploads\/2024\/04\/labo-fnac-cage-faraday.webp\" alt=\"\" class=\"wp-image-426\" style=\"width:840px;height:auto\" srcset=\"https:\/\/fnaclabo.com\/wp-content\/uploads\/2024\/04\/labo-fnac-cage-faraday.webp 1000w, https:\/\/fnaclabo.com\/wp-content\/uploads\/2024\/04\/labo-fnac-cage-faraday-300x191.webp 300w, https:\/\/fnaclabo.com\/wp-content\/uploads\/2024\/04\/labo-fnac-cage-faraday-768x488.webp 768w\" sizes=\"auto, (max-width: 1000px) 100vw, 1000px\" \/><\/figure>\n\n\n\n<figure class=\"wp-block-image size-full\"><img loading=\"lazy\" decoding=\"async\" width=\"334\" height=\"331\" src=\"https:\/\/fnaclabo.com\/wp-content\/uploads\/2024\/04\/logo_4D.png\" alt=\"\" class=\"wp-image-427\" srcset=\"https:\/\/fnaclabo.com\/wp-content\/uploads\/2024\/04\/logo_4D.png 334w, https:\/\/fnaclabo.com\/wp-content\/uploads\/2024\/04\/logo_4D-300x297.png 300w, https:\/\/fnaclabo.com\/wp-content\/uploads\/2024\/04\/logo_4D-150x150.png 150w\" sizes=\"auto, (max-width: 334px) 100vw, 334px\" \/><\/figure>\n\n\n\n<figure class=\"wp-block-image size-large\"><img loading=\"lazy\" decoding=\"async\" width=\"585\" height=\"1024\" src=\"https:\/\/fnaclabo.com\/wp-content\/uploads\/2024\/04\/Media_cat_produit__2_ai-585x1024.png\" alt=\"\" class=\"wp-image-428\" srcset=\"https:\/\/fnaclabo.com\/wp-content\/uploads\/2024\/04\/Media_cat_produit__2_ai-585x1024.png 585w, https:\/\/fnaclabo.com\/wp-content\/uploads\/2024\/04\/Media_cat_produit__2_ai-171x300.png 171w, https:\/\/fnaclabo.com\/wp-content\/uploads\/2024\/04\/Media_cat_produit__2_ai-768x1344.png 768w, https:\/\/fnaclabo.com\/wp-content\/uploads\/2024\/04\/Media_cat_produit__2_ai-878x1536.png 878w, https:\/\/fnaclabo.com\/wp-content\/uploads\/2024\/04\/Media_cat_produit__2_ai.png 964w\" sizes=\"auto, (max-width: 585px) 100vw, 585px\" \/><\/figure>\n\n\n\n<figure class=\"wp-block-image size-large\"><img loading=\"lazy\" decoding=\"async\" width=\"585\" height=\"1024\" src=\"https:\/\/fnaclabo.com\/wp-content\/uploads\/2024\/04\/Media_cat_produit_ai-585x1024.png\" alt=\"\" class=\"wp-image-429\" srcset=\"https:\/\/fnaclabo.com\/wp-content\/uploads\/2024\/04\/Media_cat_produit_ai-585x1024.png 585w, https:\/\/fnaclabo.com\/wp-content\/uploads\/2024\/04\/Media_cat_produit_ai-171x300.png 171w, https:\/\/fnaclabo.com\/wp-content\/uploads\/2024\/04\/Media_cat_produit_ai-768x1344.png 768w, https:\/\/fnaclabo.com\/wp-content\/uploads\/2024\/04\/Media_cat_produit_ai-877x1536.png 877w, https:\/\/fnaclabo.com\/wp-content\/uploads\/2024\/04\/Media_cat_produit_ai.png 962w\" sizes=\"auto, (max-width: 585px) 100vw, 585px\" \/><\/figure>\n\n\n\n<figure class=\"wp-block-image size-large\"><img decoding=\"async\" src=\"https:\/\/fnaclabo.com\/wp-content\/uploads\/2024\/04\/Media_laboratoire_ai-750x1024.png\" alt=\"\" class=\"wp-image-430\"\/><\/figure>\n\n\n\n<figure class=\"wp-block-image size-large\"><img loading=\"lazy\" decoding=\"async\" width=\"1024\" height=\"1024\" src=\"https:\/\/fnaclabo.com\/wp-content\/uploads\/2024\/04\/Oscilloscope_ai-1024x1024.png\" alt=\"\" class=\"wp-image-431\" srcset=\"https:\/\/fnaclabo.com\/wp-content\/uploads\/2024\/04\/Oscilloscope_ai-1024x1024.png 1024w, https:\/\/fnaclabo.com\/wp-content\/uploads\/2024\/04\/Oscilloscope_ai-300x300.png 300w, https:\/\/fnaclabo.com\/wp-content\/uploads\/2024\/04\/Oscilloscope_ai-150x150.png 150w, https:\/\/fnaclabo.com\/wp-content\/uploads\/2024\/04\/Oscilloscope_ai-768x769.png 768w, https:\/\/fnaclabo.com\/wp-content\/uploads\/2024\/04\/Oscilloscope_ai.png 1128w\" sizes=\"auto, (max-width: 1024px) 100vw, 1024px\" \/><\/figure>\n\n\n\n<figure class=\"wp-block-image size-large\"><img loading=\"lazy\" decoding=\"async\" width=\"752\" height=\"1024\" src=\"https:\/\/fnaclabo.com\/wp-content\/uploads\/2024\/04\/protocoles-752x1024.png\" alt=\"\" class=\"wp-image-432\" srcset=\"https:\/\/fnaclabo.com\/wp-content\/uploads\/2024\/04\/protocoles-752x1024.png 752w, https:\/\/fnaclabo.com\/wp-content\/uploads\/2024\/04\/protocoles-220x300.png 220w, https:\/\/fnaclabo.com\/wp-content\/uploads\/2024\/04\/protocoles-768x1046.png 768w, https:\/\/fnaclabo.com\/wp-content\/uploads\/2024\/04\/protocoles.png 975w\" sizes=\"auto, (max-width: 752px) 100vw, 752px\" \/><\/figure>\n\n\n\n<figure class=\"wp-block-image size-large\"><img loading=\"lazy\" decoding=\"async\" width=\"1024\" height=\"437\" src=\"https:\/\/fnaclabo.com\/wp-content\/uploads\/2024\/04\/protocoles_categorie-1024x437.png\" alt=\"\" class=\"wp-image-433\" srcset=\"https:\/\/fnaclabo.com\/wp-content\/uploads\/2024\/04\/protocoles_categorie-1024x437.png 1024w, https:\/\/fnaclabo.com\/wp-content\/uploads\/2024\/04\/protocoles_categorie-300x128.png 300w, https:\/\/fnaclabo.com\/wp-content\/uploads\/2024\/04\/protocoles_categorie-768x327.png 768w, https:\/\/fnaclabo.com\/wp-content\/uploads\/2024\/04\/protocoles_categorie-1536x655.png 1536w, https:\/\/fnaclabo.com\/wp-content\/uploads\/2024\/04\/protocoles_categorie.png 1834w\" sizes=\"auto, (max-width: 1024px) 100vw, 1024px\" \/><\/figure>\n\n\n\n<figure class=\"wp-block-image size-large\"><img loading=\"lazy\" decoding=\"async\" width=\"1024\" height=\"500\" src=\"https:\/\/fnaclabo.com\/wp-content\/uploads\/2024\/04\/Publication_web_4D-1024x500.png\" alt=\"\" class=\"wp-image-434\" srcset=\"https:\/\/fnaclabo.com\/wp-content\/uploads\/2024\/04\/Publication_web_4D-1024x500.png 1024w, https:\/\/fnaclabo.com\/wp-content\/uploads\/2024\/04\/Publication_web_4D-300x147.png 300w, https:\/\/fnaclabo.com\/wp-content\/uploads\/2024\/04\/Publication_web_4D-768x375.png 768w, https:\/\/fnaclabo.com\/wp-content\/uploads\/2024\/04\/Publication_web_4D-1536x751.png 1536w, https:\/\/fnaclabo.com\/wp-content\/uploads\/2024\/04\/Publication_web_4D.png 1780w\" sizes=\"auto, (max-width: 1024px) 100vw, 1024px\" \/><\/figure>\n\n\n\n<figure class=\"wp-block-image size-large\"><img loading=\"lazy\" decoding=\"async\" width=\"1024\" height=\"977\" src=\"https:\/\/fnaclabo.com\/wp-content\/uploads\/2024\/04\/Media_laboratoire_ai-e1713457869300-1024x977.png\" alt=\"\" class=\"wp-image-430\" srcset=\"https:\/\/fnaclabo.com\/wp-content\/uploads\/2024\/04\/Media_laboratoire_ai-e1713457869300-1024x977.png 1024w, https:\/\/fnaclabo.com\/wp-content\/uploads\/2024\/04\/Media_laboratoire_ai-e1713457869300-300x286.png 300w, https:\/\/fnaclabo.com\/wp-content\/uploads\/2024\/04\/Media_laboratoire_ai-e1713457869300-768x733.png 768w, https:\/\/fnaclabo.com\/wp-content\/uploads\/2024\/04\/Media_laboratoire_ai-e1713457869300.png 1122w\" sizes=\"auto, (max-width: 1024px) 100vw, 1024px\" \/><\/figure>\n\n\n\n<figure class=\"wp-block-image size-full\"><img loading=\"lazy\" decoding=\"async\" width=\"147\" height=\"38\" src=\"https:\/\/fnaclabo.com\/wp-content\/uploads\/2024\/04\/etoiles.png\" alt=\"\" class=\"wp-image-437\"\/><figcaption class=\"wp-element-caption\">Les c\u00e9l\u00e8bres \u00e9toiles du labofnac<\/figcaption><\/figure>\n","protected":false},"excerpt":{"rendered":"","protected":false},"author":1,"featured_media":0,"parent":0,"menu_order":0,"comment_status":"closed","ping_status":"closed","template":"","meta":{"_uag_custom_page_level_css":"","footnotes":""},"class_list":["post-422","page","type-page","status-publish","hentry"],"uagb_featured_image_src":{"full":false,"thumbnail":false,"medium":false,"medium_large":false,"large":false,"post-slider-thumb-size":false,"1536x1536":false,"2048x2048":false},"uagb_author_info":{"display_name":"LionelCosta","author_link":"https:\/\/fnaclabo.com\/?author=1"},"uagb_comment_info":0,"uagb_excerpt":null,"_links":{"self":[{"href":"https:\/\/fnaclabo.com\/index.php?rest_route=\/wp\/v2\/pages\/422","targetHints":{"allow":["GET"]}}],"collection":[{"href":"https:\/\/fnaclabo.com\/index.php?rest_route=\/wp\/v2\/pages"}],"about":[{"href":"https:\/\/fnaclabo.com\/index.php?rest_route=\/wp\/v2\/types\/page"}],"author":[{"embeddable":true,"href":"https:\/\/fnaclabo.com\/index.php?rest_route=\/wp\/v2\/users\/1"}],"replies":[{"embeddable":true,"href":"https:\/\/fnaclabo.com\/index.php?rest_route=%2Fwp%2Fv2%2Fcomments&post=422"}],"version-history":[{"count":3,"href":"https:\/\/fnaclabo.com\/index.php?rest_route=\/wp\/v2\/pages\/422\/revisions"}],"predecessor-version":[{"id":438,"href":"https:\/\/fnaclabo.com\/index.php?rest_route=\/wp\/v2\/pages\/422\/revisions\/438"}],"wp:attachment":[{"href":"https:\/\/fnaclabo.com\/index.php?rest_route=%2Fwp%2Fv2%2Fmedia&parent=422"}],"curies":[{"name":"wp","href":"https:\/\/api.w.org\/{rel}","templated":true}]}}