{"id":81,"date":"2021-08-26T13:52:07","date_gmt":"2021-08-26T13:52:07","guid":{"rendered":"http:\/\/fnaclabo.com\/?page_id=81"},"modified":"2021-11-20T10:01:35","modified_gmt":"2021-11-20T10:01:35","slug":"dossiers-techniques","status":"publish","type":"page","link":"https:\/\/fnaclabo.com\/?page_id=81","title":{"rendered":"Dossiers techniques"},"content":{"rendered":"\n<p class=\"has-text-align-center has-white-color has-text-color\">Ces dossiers sont des documents regroupant l&rsquo;ensemble des notes pour chaque cat\u00e9gorie. Lorsque vous cliquez sur la miniature d&rsquo;un dossier, vous aurez acc\u00e8s \u00e0 une version num\u00e9rique imprimable. La mise \u00e0 jour se fait selon l&rsquo;actualit\u00e9 et le renouvellement de gamme.<\/p>\n\n\n\n<p class=\"has-text-align-center has-white-color has-text-color\"><\/p>\n\n\n\n<p class=\"has-text-align-center has-white-color has-text-color\">La segmentation se fait de mani\u00e8re la plus claire possible, par segment de prix ou par usage.<\/p>\n\n\n\n<p class=\"has-text-align-center has-white-color has-text-color\">Bonne lecture<\/p>\n\n\n\n<div style=\"height:100px\" aria-hidden=\"true\" class=\"wp-block-spacer\"><\/div>\n\n\n\n<div class=\"wp-block-columns is-layout-flex wp-container-core-columns-is-layout-9d6595d7 wp-block-columns-is-layout-flex\">\n<div class=\"wp-block-column is-layout-flow wp-block-column-is-layout-flow\">\n<div class=\"wp-block-image\"><figure class=\"aligncenter size-full\"><a href=\"https:\/\/fnaclabo.com\/Dossierspdf\/Dossiers_techniques_Labofnac_Barre_de_sons.pdf\" target=\"_blank\" rel=\"noopener\"><img loading=\"lazy\" decoding=\"async\" width=\"685\" height=\"503\" src=\"https:\/\/fnaclabo.com\/wp-content\/uploads\/2021\/08\/Dossiers_techniques_LaboFnac_Page_couv_Barres_de_son.png-1.webp\" alt=\"\" class=\"wp-image-252\" srcset=\"https:\/\/fnaclabo.com\/wp-content\/uploads\/2021\/08\/Dossiers_techniques_LaboFnac_Page_couv_Barres_de_son.png-1.webp 685w, https:\/\/fnaclabo.com\/wp-content\/uploads\/2021\/08\/Dossiers_techniques_LaboFnac_Page_couv_Barres_de_son.png-1-300x220.webp 300w\" sizes=\"auto, (max-width: 685px) 100vw, 685px\" \/><\/a><figcaption>Barres de son<\/figcaption><\/figure><\/div>\n<\/div>\n\n\n\n<div class=\"wp-block-column is-layout-flow wp-block-column-is-layout-flow\">\n<div class=\"wp-block-image\"><figure class=\"aligncenter size-full is-resized\"><a href=\"https:\/\/fnaclabo.com\/Dossierspdf\/Dossiers_techniques_Labofnac_Smartphones.pdf\" target=\"_blank\" rel=\"noopener\"><img loading=\"lazy\" decoding=\"async\" src=\"https:\/\/fnaclabo.com\/wp-content\/uploads\/2021\/09\/Dossiers_techniques_LaboFnac_Page_couv_Smarpthones.png.webp\" alt=\"\" class=\"wp-image-343\" width=\"404\" height=\"296\" srcset=\"https:\/\/fnaclabo.com\/wp-content\/uploads\/2021\/09\/Dossiers_techniques_LaboFnac_Page_couv_Smarpthones.png.webp 696w, https:\/\/fnaclabo.com\/wp-content\/uploads\/2021\/09\/Dossiers_techniques_LaboFnac_Page_couv_Smarpthones.png-300x220.webp 300w\" sizes=\"auto, (max-width: 404px) 100vw, 404px\" \/><\/a><figcaption>Smartphones<\/figcaption><\/figure><\/div>\n<\/div>\n<\/div>\n","protected":false},"excerpt":{"rendered":"<p>Ces dossiers sont des documents regroupant l&rsquo;ensemble des notes pour chaque cat\u00e9gorie. Lorsque vous cliquez sur la miniature d&rsquo;un dossier, vous aurez acc\u00e8s \u00e0 une version num\u00e9rique imprimable. La mise \u00e0 jour se fait selon l&rsquo;actualit\u00e9 et le renouvellement de gamme. La segmentation se fait de mani\u00e8re la plus claire possible, par segment de prix [&hellip;]<\/p>\n","protected":false},"author":1,"featured_media":0,"parent":0,"menu_order":0,"comment_status":"closed","ping_status":"closed","template":"","meta":{"_uag_custom_page_level_css":"","footnotes":""},"class_list":["post-81","page","type-page","status-publish","hentry"],"uagb_featured_image_src":{"full":false,"thumbnail":false,"medium":false,"medium_large":false,"large":false,"post-slider-thumb-size":false,"1536x1536":false,"2048x2048":false},"uagb_author_info":{"display_name":"LionelCosta","author_link":"https:\/\/fnaclabo.com\/?author=1"},"uagb_comment_info":0,"uagb_excerpt":"Ces dossiers sont des documents regroupant l&rsquo;ensemble des notes pour chaque cat\u00e9gorie. Lorsque vous cliquez sur la miniature d&rsquo;un dossier, vous aurez acc\u00e8s \u00e0 une version num\u00e9rique imprimable. La mise \u00e0 jour se fait selon l&rsquo;actualit\u00e9 et le renouvellement de gamme. La segmentation se fait de mani\u00e8re la plus claire possible, par segment de prix\u2026","_links":{"self":[{"href":"https:\/\/fnaclabo.com\/index.php?rest_route=\/wp\/v2\/pages\/81","targetHints":{"allow":["GET"]}}],"collection":[{"href":"https:\/\/fnaclabo.com\/index.php?rest_route=\/wp\/v2\/pages"}],"about":[{"href":"https:\/\/fnaclabo.com\/index.php?rest_route=\/wp\/v2\/types\/page"}],"author":[{"embeddable":true,"href":"https:\/\/fnaclabo.com\/index.php?rest_route=\/wp\/v2\/users\/1"}],"replies":[{"embeddable":true,"href":"https:\/\/fnaclabo.com\/index.php?rest_route=%2Fwp%2Fv2%2Fcomments&post=81"}],"version-history":[{"count":14,"href":"https:\/\/fnaclabo.com\/index.php?rest_route=\/wp\/v2\/pages\/81\/revisions"}],"predecessor-version":[{"id":411,"href":"https:\/\/fnaclabo.com\/index.php?rest_route=\/wp\/v2\/pages\/81\/revisions\/411"}],"wp:attachment":[{"href":"https:\/\/fnaclabo.com\/index.php?rest_route=%2Fwp%2Fv2%2Fmedia&parent=81"}],"curies":[{"name":"wp","href":"https:\/\/api.w.org\/{rel}","templated":true}]}}